{"id":2160,"date":"2018-12-21T13:11:18","date_gmt":"2018-12-21T12:11:18","guid":{"rendered":"https:\/\/icon.ngo\/challenge-ctf\/"},"modified":"2019-01-18T10:01:52","modified_gmt":"2019-01-18T09:01:52","slug":"challenge-ctf","status":"publish","type":"page","link":"https:\/\/icon.ngo\/fr\/challenge-ctf\/","title":{"rendered":"CHALLENGE CTF"},"content":{"rendered":"<div class=\"fusion-fullwidth fullwidth-box fusion-builder-row-1 nonhundred-percent-fullwidth non-hundred-percent-height-scrolling\" style=\"background-color: #ffffff;background-position: left top;background-repeat: no-repeat;padding-top:3%;padding-right:0px;padding-bottom:4%;padding-left:0px;border-width: 0px 0px 0px 0px;border-color:#eaeaea;border-style:solid;\" ><div class=\"fusion-builder-row fusion-row\"><div class=\"fusion-layout-column fusion_builder_column fusion-builder-column-0 fusion_builder_column_1_1 1_1 fusion-one-full fusion-column-first fusion-column-last fusion-no-medium-visibility fusion-no-large-visibility\" style=\"margin-top:0px;margin-bottom:20px;\"><div class=\"fusion-column-wrapper fusion-flex-column-wrapper-legacy\" style=\"background-position:left top;background-repeat:no-repeat;-webkit-background-size:cover;-moz-background-size:cover;-o-background-size:cover;background-size:cover;padding: 0px 0px 0px 0px;\"><div class=\"fusion-sep-clear\"><\/div><div class=\"fusion-separator fusion-no-medium-visibility fusion-no-large-visibility fusion-full-width-sep\" style=\"margin-left: auto;margin-right: auto;margin-top:4%;width:100%;\"><\/div><div class=\"fusion-sep-clear\"><\/div><div class=\"fusion-clearfix\"><\/div><\/div><\/div>\n<div class=\"fusion-layout-column fusion_builder_column fusion-builder-column-1 fusion_builder_column_3_4 3_4 fusion-three-fourth fusion-column-first\" style=\"width:75%;width:calc(75% - ( ( 4% ) * 0.75 ) );margin-right: 4%;margin-top:0px;margin-bottom:0px;\"><div class=\"fusion-column-wrapper fusion-flex-column-wrapper-legacy\" style=\"background-position:left top;background-repeat:no-repeat;-webkit-background-size:cover;-moz-background-size:cover;-o-background-size:cover;background-size:cover;padding: 2% 4% 3% 9%;\"><style type=\"text\/css\"><\/style><div class=\"fusion-title title fusion-title-1 fusion-title-text fusion-title-size-two\" style=\"margin-top:0%;margin-right:0px;margin-bottom:5%;margin-left:0px;\"><h2 class=\"title-heading-left fusion-responsive-typography-calculated\" style=\"margin:0;--fontSize:36;line-height:1.4;\">Une comp\u00e9tition Capture The Flag a eu lieu le 14 septembre \u00e0 Gen\u00e8ve lors d&rsquo;ICON 2018, un \u00e9v\u00e9nement sur les th\u00e8mes de la cybers\u00e9curit\u00e9 et de l\u2019intelligence artificielle.<\/h2><span class=\"awb-title-spacer\"><\/span><div class=\"title-sep-container\"><div class=\"title-sep sep-\" style=\"border-color:#eaeaea;\"><\/div><\/div><\/div><div class=\"fusion-text fusion-text-1\"><p>Les 8 meilleures \u00e9quipes sorties des qualifications se font\u00a0affront\u00e9e pour r\u00e9tablir la paix de NOCI, une ville imaginaire hyper-connect\u00e9e. R\u00e9unies \u00e0 Gen\u00e8ve pour plus de 8 heures de hacking, elles ont \u00e9t\u00e9 confront\u00e9e \u00e0 des \u00e9preuves d\u2019un nouveau genre : r\u00e9tro-ing\u00e9nierie, objets connect\u00e9s, cryptographie, intelligence artificielle, gouvernance, etc. Elles sont d\u00fb aussi faire face \u00e0 deux happenings sp\u00e9cialement organis\u00e9s pour les d\u00e9stabiliser !<\/p>\n<\/div><div class=\"fusion-sep-clear\"><\/div><div class=\"fusion-separator fusion-full-width-sep\" style=\"margin-left: auto;margin-right: auto;margin-top:3%;width:100%;\"><\/div><div class=\"fusion-sep-clear\"><\/div><div class=\"fusion-text fusion-text-2\"><div style=\"width: 750px;\" class=\"wp-video\"><!--[if lt IE 9]><script>document.createElement('video');<\/script><![endif]-->\n<video class=\"wp-video-shortcode\" id=\"video-2160-1\" width=\"750\" height=\"422\" preload=\"metadata\" controls=\"controls\"><source type=\"video\/mp4\" src=\"https:\/\/icon.ngo\/wp-content\/uploads\/2019\/01\/NouvoRTS_ICON-2.mp4?_=1\" \/><a href=\"https:\/\/icon.ngo\/wp-content\/uploads\/2019\/01\/NouvoRTS_ICON-2.mp4\">https:\/\/icon.ngo\/wp-content\/uploads\/2019\/01\/NouvoRTS_ICON-2.mp4<\/a><\/video><\/div>\n<\/div><div class=\"fusion-sep-clear\"><\/div><div class=\"fusion-separator fusion-full-width-sep\" style=\"margin-left: auto;margin-right: auto;margin-top:3%;width:100%;\"><\/div><div class=\"fusion-sep-clear\"><\/div><div class=\"fusion-text fusion-text-3\"><h3>Ces hackers qui luttent pour le bien<\/h3>\n<p>Vous connaissez la diff\u00e9rence entre un bon et un mauvais hacker ? La r\u00e9ponse, c\u2019est juste l\u00e0.<br \/>\nNouvo News, 24.09.2018, 20h00<\/p>\n<\/div><div class=\"fusion-clearfix\"><\/div><\/div><\/div><div class=\"fusion-layout-column fusion_builder_column fusion-builder-column-2 fusion_builder_column_1_4 1_4 fusion-one-fourth fusion-column-last fusion-no-small-visibility\" style=\"width:25%;width:calc(25% - ( ( 4% ) * 0.25 ) );margin-top:0px;margin-bottom:20px;\"><div class=\"fusion-column-wrapper fusion-flex-column-wrapper-legacy\" style=\"background-position:left top;background-repeat:no-repeat;-webkit-background-size:cover;-moz-background-size:cover;-o-background-size:cover;background-size:cover;padding: 12% 0px 0px 0px;\"><div class=\"fusion-text fusion-text-4\">\n<!-- Custom Twitter Feeds by Smash Balloon -->\n<div id=\"ctf\" class=\" ctf ctf-type-usertimeline ctf-feed-1  ctf-styles ctf-list ctf-regular-style ctf-fixed-height\"   data-ctfshortcode=\"{&quot;feed&quot;:&quot;1&quot;}\"   data-ctfdisablelinks=\"false\" data-ctflinktextcolor=\"#\" data-header-size=\"small\" data-feedid=\"1\" data-postid=\"2160\"  data-feed=\"1\" data-ctfintents=\"1\"  data-ctfneeded=\"4\">\n            <div id=\"ctf\" class=\"ctf\">\n            <div class=\"ctf-error\">\n                <div class=\"ctf-error-user\">\n\t\t\t\t\tLe flux Twitter n\u2019est pas disponible pour le moment.                <\/div>\n            <\/div>\n        <\/div>\n\t\t    <div class=\"ctf-tweets\">\n   \t\t    <\/div>\n    \n<\/div>\n\n<\/div><div class=\"fusion-clearfix\"><\/div><\/div><\/div>\n<\/div><\/div>\n","protected":false},"excerpt":{"rendered":"","protected":false},"author":1,"featured_media":0,"parent":0,"menu_order":0,"comment_status":"closed","ping_status":"closed","template":"","meta":[],"yoast_head":"<!-- This site is optimized with the Yoast SEO plugin v19.9 - https:\/\/yoast.com\/wordpress\/plugins\/seo\/ -->\n<title>CHALLENGE CTF - ICON ONG | The journey to digital trust<\/title>\n<meta name=\"robots\" content=\"index, follow, max-snippet:-1, max-image-preview:large, max-video-preview:-1\" \/>\n<link rel=\"canonical\" href=\"https:\/\/icon.ngo\/fr\/challenge-ctf\/\" \/>\n<meta property=\"og:locale\" content=\"fr_FR\" \/>\n<meta property=\"og:type\" content=\"article\" \/>\n<meta property=\"og:title\" content=\"CHALLENGE CTF - ICON ONG | The journey to digital trust\" \/>\n<meta property=\"og:url\" content=\"https:\/\/icon.ngo\/fr\/challenge-ctf\/\" \/>\n<meta property=\"og:site_name\" content=\"ICON ONG | The journey to digital trust\" \/>\n<meta property=\"article:modified_time\" content=\"2019-01-18T09:01:52+00:00\" \/>\n<meta name=\"twitter:card\" content=\"summary_large_image\" \/>\n<meta name=\"twitter:site\" content=\"@ICON_ONG\" \/>\n<meta name=\"twitter:label1\" content=\"Dur\u00e9e de lecture estim\u00e9e\" \/>\n\t<meta name=\"twitter:data1\" content=\"3 minutes\" \/>\n<script type=\"application\/ld+json\" class=\"yoast-schema-graph\">{\"@context\":\"https:\/\/schema.org\",\"@graph\":[{\"@type\":\"WebPage\",\"@id\":\"https:\/\/icon.ngo\/fr\/challenge-ctf\/\",\"url\":\"https:\/\/icon.ngo\/fr\/challenge-ctf\/\",\"name\":\"CHALLENGE CTF - ICON ONG | The journey to digital trust\",\"isPartOf\":{\"@id\":\"https:\/\/icon.ngo\/fr\/#website\"},\"datePublished\":\"2018-12-21T12:11:18+00:00\",\"dateModified\":\"2019-01-18T09:01:52+00:00\",\"breadcrumb\":{\"@id\":\"https:\/\/icon.ngo\/fr\/challenge-ctf\/#breadcrumb\"},\"inLanguage\":\"fr-FR\",\"potentialAction\":[{\"@type\":\"ReadAction\",\"target\":[\"https:\/\/icon.ngo\/fr\/challenge-ctf\/\"]}]},{\"@type\":\"BreadcrumbList\",\"@id\":\"https:\/\/icon.ngo\/fr\/challenge-ctf\/#breadcrumb\",\"itemListElement\":[{\"@type\":\"ListItem\",\"position\":1,\"name\":\"Home\",\"item\":\"https:\/\/icon.ngo\/fr\/\"},{\"@type\":\"ListItem\",\"position\":2,\"name\":\"CHALLENGE CTF\"}]},{\"@type\":\"WebSite\",\"@id\":\"https:\/\/icon.ngo\/fr\/#website\",\"url\":\"https:\/\/icon.ngo\/fr\/\",\"name\":\"ICON ONG | The journey to digital trust\",\"description\":\"\",\"publisher\":{\"@id\":\"https:\/\/icon.ngo\/fr\/#organization\"},\"potentialAction\":[{\"@type\":\"SearchAction\",\"target\":{\"@type\":\"EntryPoint\",\"urlTemplate\":\"https:\/\/icon.ngo\/fr\/?s={search_term_string}\"},\"query-input\":\"required name=search_term_string\"}],\"inLanguage\":\"fr-FR\"},{\"@type\":\"Organization\",\"@id\":\"https:\/\/icon.ngo\/fr\/#organization\",\"name\":\"ICON NGO\",\"url\":\"https:\/\/icon.ngo\/fr\/\",\"logo\":{\"@type\":\"ImageObject\",\"inLanguage\":\"fr-FR\",\"@id\":\"https:\/\/icon.ngo\/fr\/#\/schema\/logo\/image\/\",\"url\":\"https:\/\/icon.ngo\/wp-content\/uploads\/2019\/01\/ICON_events_icon2018-4.png\",\"contentUrl\":\"https:\/\/icon.ngo\/wp-content\/uploads\/2019\/01\/ICON_events_icon2018-4.png\",\"width\":400,\"height\":400,\"caption\":\"ICON NGO\"},\"image\":{\"@id\":\"https:\/\/icon.ngo\/fr\/#\/schema\/logo\/image\/\"},\"sameAs\":[\"https:\/\/www.linkedin.com\/company\/icon-ong\",\"https:\/\/twitter.com\/ICON_ONG\"]}]}<\/script>\n<!-- \/ Yoast SEO plugin. -->","yoast_head_json":{"title":"CHALLENGE CTF - ICON ONG | The journey to digital trust","robots":{"index":"index","follow":"follow","max-snippet":"max-snippet:-1","max-image-preview":"max-image-preview:large","max-video-preview":"max-video-preview:-1"},"canonical":"https:\/\/icon.ngo\/fr\/challenge-ctf\/","og_locale":"fr_FR","og_type":"article","og_title":"CHALLENGE CTF - ICON ONG | The journey to digital trust","og_url":"https:\/\/icon.ngo\/fr\/challenge-ctf\/","og_site_name":"ICON ONG | The journey to digital trust","article_modified_time":"2019-01-18T09:01:52+00:00","twitter_card":"summary_large_image","twitter_site":"@ICON_ONG","twitter_misc":{"Dur\u00e9e de lecture estim\u00e9e":"3 minutes"},"schema":{"@context":"https:\/\/schema.org","@graph":[{"@type":"WebPage","@id":"https:\/\/icon.ngo\/fr\/challenge-ctf\/","url":"https:\/\/icon.ngo\/fr\/challenge-ctf\/","name":"CHALLENGE CTF - ICON ONG | The journey to digital trust","isPartOf":{"@id":"https:\/\/icon.ngo\/fr\/#website"},"datePublished":"2018-12-21T12:11:18+00:00","dateModified":"2019-01-18T09:01:52+00:00","breadcrumb":{"@id":"https:\/\/icon.ngo\/fr\/challenge-ctf\/#breadcrumb"},"inLanguage":"fr-FR","potentialAction":[{"@type":"ReadAction","target":["https:\/\/icon.ngo\/fr\/challenge-ctf\/"]}]},{"@type":"BreadcrumbList","@id":"https:\/\/icon.ngo\/fr\/challenge-ctf\/#breadcrumb","itemListElement":[{"@type":"ListItem","position":1,"name":"Home","item":"https:\/\/icon.ngo\/fr\/"},{"@type":"ListItem","position":2,"name":"CHALLENGE CTF"}]},{"@type":"WebSite","@id":"https:\/\/icon.ngo\/fr\/#website","url":"https:\/\/icon.ngo\/fr\/","name":"ICON ONG | The journey to digital trust","description":"","publisher":{"@id":"https:\/\/icon.ngo\/fr\/#organization"},"potentialAction":[{"@type":"SearchAction","target":{"@type":"EntryPoint","urlTemplate":"https:\/\/icon.ngo\/fr\/?s={search_term_string}"},"query-input":"required name=search_term_string"}],"inLanguage":"fr-FR"},{"@type":"Organization","@id":"https:\/\/icon.ngo\/fr\/#organization","name":"ICON NGO","url":"https:\/\/icon.ngo\/fr\/","logo":{"@type":"ImageObject","inLanguage":"fr-FR","@id":"https:\/\/icon.ngo\/fr\/#\/schema\/logo\/image\/","url":"https:\/\/icon.ngo\/wp-content\/uploads\/2019\/01\/ICON_events_icon2018-4.png","contentUrl":"https:\/\/icon.ngo\/wp-content\/uploads\/2019\/01\/ICON_events_icon2018-4.png","width":400,"height":400,"caption":"ICON NGO"},"image":{"@id":"https:\/\/icon.ngo\/fr\/#\/schema\/logo\/image\/"},"sameAs":["https:\/\/www.linkedin.com\/company\/icon-ong","https:\/\/twitter.com\/ICON_ONG"]}]}},"_links":{"self":[{"href":"https:\/\/icon.ngo\/fr\/wp-json\/wp\/v2\/pages\/2160"}],"collection":[{"href":"https:\/\/icon.ngo\/fr\/wp-json\/wp\/v2\/pages"}],"about":[{"href":"https:\/\/icon.ngo\/fr\/wp-json\/wp\/v2\/types\/page"}],"author":[{"embeddable":true,"href":"https:\/\/icon.ngo\/fr\/wp-json\/wp\/v2\/users\/1"}],"replies":[{"embeddable":true,"href":"https:\/\/icon.ngo\/fr\/wp-json\/wp\/v2\/comments?post=2160"}],"version-history":[{"count":3,"href":"https:\/\/icon.ngo\/fr\/wp-json\/wp\/v2\/pages\/2160\/revisions"}],"predecessor-version":[{"id":2198,"href":"https:\/\/icon.ngo\/fr\/wp-json\/wp\/v2\/pages\/2160\/revisions\/2198"}],"wp:attachment":[{"href":"https:\/\/icon.ngo\/fr\/wp-json\/wp\/v2\/media?parent=2160"}],"curies":[{"name":"wp","href":"https:\/\/api.w.org\/{rel}","templated":true}]}}