{"id":2161,"date":"2015-10-08T23:07:21","date_gmt":"2015-10-08T23:07:21","guid":{"rendered":"https:\/\/icon.ngo\/home-2\/"},"modified":"2022-11-04T03:42:02","modified_gmt":"2022-11-04T02:42:02","slug":"home-2","status":"publish","type":"page","link":"https:\/\/icon.ngo\/fr\/","title":{"rendered":"ACCUEIL"},"content":{"rendered":"<div class=\"fusion-fullwidth fullwidth-box fusion-builder-row-1 nonhundred-percent-fullwidth non-hundred-percent-height-scrolling\" style=\"background-color: rgba(255,255,255,0);background-position: center center;background-repeat: no-repeat;padding-top:0px;padding-right:0px;padding-bottom:0px;padding-left:0px;margin-bottom: 0px;margin-top: 0px;border-width: 0px 0px 0px 0px;border-color:#eaeaea;border-style:solid;\" id=\"home-video\" ><div class=\"fusion-builder-row fusion-row\"><div class=\"fusion-layout-column fusion_builder_column fusion-builder-column-0 fusion_builder_column_1_1 1_1 fusion-one-full fusion-column-first fusion-column-last\" style=\"margin-top:0px;margin-bottom:20px;\"><div class=\"fusion-column-wrapper fusion-flex-column-wrapper-legacy\" style=\"background-position:left top;background-repeat:no-repeat;-webkit-background-size:cover;-moz-background-size:cover;-o-background-size:cover;background-size:cover;padding: 0px 0px 0px 0px;\"><div class=\"fusion-text fusion-text-1\"><p><video style=\"width: 100%; left: 0px;\" preload=\"auto\" autoplay=\"autoplay\" loop=\"loop\" muted=\"\" width=\"1800\" height=\"700\"><source src=\"https:\/\/icon.ngo\/wp-content\/uploads\/2019\/01\/ICONKick-Off_web_ns-1.mp4\" type=\"video\/mp4\" \/><\/video><\/p>\n<\/div><div class=\"fusion-clearfix\"><\/div><\/div><\/div><\/div><\/div><div class=\"fusion-fullwidth fullwidth-box fusion-builder-row-2 nonhundred-percent-fullwidth non-hundred-percent-height-scrolling\" style=\"background-color: #ffffff;background-position: left top;background-repeat: no-repeat;padding-top:3%;padding-right:2%;padding-bottom:0px;padding-left:2%;margin-bottom: 2%;margin-top: 1%;border-width: 0px 0px 0px 0px;border-color:#eaeaea;border-style:solid;\" ><div class=\"fusion-builder-row fusion-row\"><div class=\"fusion-layout-column fusion_builder_column fusion-builder-column-1 fusion_builder_column_3_4 3_4 fusion-three-fourth fusion-column-first\" style=\"width:75%;width:calc(75% - ( ( 4% ) * 0.75 ) );margin-right: 4%;margin-top:0px;margin-bottom:0px;\"><div class=\"fusion-column-wrapper fusion-flex-column-wrapper-legacy\" style=\"background-position:left top;background-repeat:no-repeat;-webkit-background-size:cover;-moz-background-size:cover;-o-background-size:cover;background-size:cover;padding: 3% 7% 3% 7%;\"><style type=\"text\/css\"><\/style><div class=\"fusion-title title fusion-title-1 fusion-title-center fusion-title-text fusion-title-size-one\" style=\"margin-top:0%;margin-right:0px;margin-bottom:5%;margin-left:0px;\"><div class=\"title-sep-container title-sep-container-left\"><div class=\"title-sep sep-\" style=\"border-color:#eaeaea;\"><\/div><\/div><span class=\"awb-title-spacer\"><\/span><h1 class=\"title-heading-center fusion-responsive-typography-calculated\" style=\"margin:0;--fontSize:45;line-height:1.2;\">The journey to digital trust<\/h1><span class=\"awb-title-spacer\"><\/span><div class=\"title-sep-container title-sep-container-right\"><div class=\"title-sep sep-\" style=\"border-color:#eaeaea;\"><\/div><\/div><\/div><style type=\"text\/css\"><\/style><div class=\"fusion-title title fusion-title-2 fusion-title-center fusion-title-text fusion-title-size-two\" style=\"margin-top:0%;margin-right:0px;margin-bottom:5%;margin-left:0px;\"><div class=\"title-sep-container title-sep-container-left\"><div class=\"title-sep sep-\" style=\"border-color:#eaeaea;\"><\/div><\/div><span class=\"awb-title-spacer\"><\/span><h2 class=\"title-heading-center fusion-responsive-typography-calculated\" style=\"margin:0;--fontSize:36;line-height:1.4;\">Humaniser le monde digital<\/h2><span class=\"awb-title-spacer\"><\/span><div class=\"title-sep-container title-sep-container-right\"><div class=\"title-sep sep-\" style=\"border-color:#eaeaea;\"><\/div><\/div><\/div><style type=\"text\/css\"><\/style><div class=\"fusion-title title fusion-title-3 fusion-title-text fusion-title-size-three\" style=\"margin-top:0%;margin-right:0px;margin-bottom:4%;margin-left:0px;\"><h3 class=\"title-heading-left fusion-responsive-typography-calculated\" style=\"margin:0;--fontSize:22;--minFontSize:22px;line-height:1.4;\"><p style=\"text-align: center;\">ICON est une ONG qui f\u00e9d\u00e8re une communaut\u00e9 europ\u00e9enne travaillant sur la confiance dans le cyberespace.<\/p><\/h3><span class=\"awb-title-spacer\"><\/span><div class=\"title-sep-container\"><div class=\"title-sep sep-\" style=\"border-color:#eaeaea;\"><\/div><\/div><\/div><div class=\"fusion-text fusion-text-2\"><p>L\u2019objectif commun est d\u2019amener une prise de conscience par la vulgarisation et le d\u00e9codage de la soci\u00e9t\u00e9 de l\u2019information pour la soci\u00e9t\u00e9 civile.<\/p>\n<\/div><div class=\"fusion-sep-clear\"><\/div><div class=\"fusion-separator fusion-full-width-sep\" style=\"margin-left: auto;margin-right: auto;margin-top:7%;width:100%;\"><\/div><div class=\"fusion-sep-clear\"><\/div><div class=\"fusion-content-boxes content-boxes columns row fusion-columns-2 fusion-columns-total-4 fusion-content-boxes-1 content-boxes-icon-on-side content-left\" data-animationOffset=\"top-into-view\" style=\"margin-top:0px;margin-bottom:0px;\"><style type=\"text\/css\">.fusion-content-boxes-1 .heading .content-box-heading {color:#666666;}\n\t\t\t\t\t.fusion-content-boxes-1 .fusion-content-box-hover .link-area-link-icon-hover .heading .content-box-heading,\n\t\t\t\t\t.fusion-content-boxes-1 .fusion-content-box-hover .link-area-link-icon-hover .heading .heading-link .content-box-heading,\n\t\t\t\t\t.fusion-content-boxes-1 .fusion-content-box-hover .link-area-box-hover .heading .content-box-heading,\n\t\t\t\t\t.fusion-content-boxes-1 .fusion-content-box-hover .link-area-box-hover .heading .heading-link .content-box-heading,\n\t\t\t\t\t.fusion-content-boxes-1 .fusion-content-box-hover .link-area-link-icon-hover.link-area-box .fusion-read-more,\n\t\t\t\t\t.fusion-content-boxes-1 .fusion-content-box-hover .link-area-link-icon-hover.link-area-box .fusion-read-more::after,\n\t\t\t\t\t.fusion-content-boxes-1 .fusion-content-box-hover .link-area-link-icon-hover.link-area-box .fusion-read-more::before,\n\t\t\t\t\t.fusion-content-boxes-1 .fusion-content-box-hover .fusion-read-more:hover:after,\n\t\t\t\t\t.fusion-content-boxes-1 .fusion-content-box-hover .fusion-read-more:hover:before,\n\t\t\t\t\t.fusion-content-boxes-1 .fusion-content-box-hover .fusion-read-more:hover,\n\t\t\t\t\t.fusion-content-boxes-1 .fusion-content-box-hover .link-area-box-hover.link-area-box .fusion-read-more,\n\t\t\t\t\t.fusion-content-boxes-1 .fusion-content-box-hover .link-area-box-hover.link-area-box .fusion-read-more::after,\n\t\t\t\t\t.fusion-content-boxes-1 .fusion-content-box-hover .link-area-box-hover.link-area-box .fusion-read-more::before,\n\t\t\t\t\t.fusion-content-boxes-1 .fusion-content-box-hover .link-area-link-icon-hover .icon .circle-no,\n\t\t\t\t\t.fusion-content-boxes-1 .heading .heading-link:hover .content-box-heading {\n\t\t\t\t\t\tcolor: #000000;\n\t\t\t\t\t}\n\t\t\t\t\t.fusion-content-boxes-1 .fusion-content-box-hover .link-area-box-hover .icon .circle-no {\n\t\t\t\t\t\tcolor: #000000 !important;\n\t\t\t\t\t}.fusion-content-boxes-1 .fusion-content-box-hover .link-area-box.link-area-box-hover .fusion-content-box-button {background: #cd2866;color: #ffffff;}.fusion-content-boxes-1 .fusion-content-box-hover .link-area-box.link-area-box-hover .fusion-content-box-button .fusion-button-text {color: #ffffff;}\n\t\t\t\t\t.fusion-content-boxes-1 .fusion-content-box-hover .link-area-link-icon-hover .heading .icon > span {\n\t\t\t\t\t\tbackground-color: #000000 !important;\n\t\t\t\t\t}\n\t\t\t\t\t.fusion-content-boxes-1 .fusion-content-box-hover .link-area-box-hover .heading .icon > span {\n\t\t\t\t\t\tborder-color: #000000 !important;\n\t\t\t\t\t}<\/style><div class=\"fusion-column content-box-column content-box-column content-box-column-1 col-lg-6 col-md-6 col-sm-6 fusion-content-box-hover content-box-column-first-in-row\"><div class=\"col content-box-wrapper content-wrapper link-area-box icon-hover-animation-fade\" style=\"background-color:rgba(255,255,255,0);\" data-animationOffset=\"top-into-view\"><div class=\"heading heading-with-icon icon-left\"><div class=\"icon\"><i style=\"border-color:rgba(255,255,255,0);border-width:0px;background-color:#cd2866;box-sizing:content-box;height:60px;width:60px;line-height:60px;border-radius:50%;color:#ffffff;font-size:30px;\" aria-hidden=\"true\" class=\"fontawesome-icon fa-globe fas circle-yes\"><\/i><\/div><h3 class=\"content-box-heading fusion-responsive-typography-calculated\" style=\"font-size:19px;--fontSize:19;line-height:1.4;padding-left:80px;\">Comprendre le cyberespace d\u2019aujourd\u2019hui et de demain<\/h3><\/div><\/div><\/div><div class=\"fusion-column content-box-column content-box-column content-box-column-2 col-lg-6 col-md-6 col-sm-6 fusion-content-box-hover content-box-column-last-in-row\"><div class=\"col content-box-wrapper content-wrapper link-area-box icon-hover-animation-fade\" style=\"background-color:rgba(255,255,255,0);\" data-animationOffset=\"top-into-view\"><div class=\"heading heading-with-icon icon-left\"><div class=\"icon\"><i style=\"border-color:rgba(255,255,255,0);border-width:0px;background-color:#f37e34;box-sizing:content-box;height:60px;width:60px;line-height:60px;border-radius:50%;color:#ffffff;font-size:30px;\" aria-hidden=\"true\" class=\"fontawesome-icon fa-users fas circle-yes\"><\/i><\/div><h3 class=\"content-box-heading fusion-responsive-typography-calculated\" style=\"font-size:19px;--fontSize:19;line-height:1.4;padding-left:80px;\">Sensibiliser les citoyens aux enjeux techniques et soci\u00e9taux<\/h3><\/div><\/div><\/div><div class=\"fusion-column content-box-column content-box-column content-box-column-3 col-lg-6 col-md-6 col-sm-6 fusion-content-box-hover content-box-column-first-in-row\"><div class=\"col content-box-wrapper content-wrapper link-area-box icon-hover-animation-fade\" style=\"background-color:rgba(255,255,255,0);\" data-animationOffset=\"top-into-view\"><div class=\"heading heading-with-icon icon-left\"><div class=\"icon\"><i style=\"border-color:rgba(255,255,255,0);border-width:0px;background-color:#ec3555;box-sizing:content-box;height:60px;width:60px;line-height:60px;border-radius:50%;color:#ffffff;font-size:30px;\" aria-hidden=\"true\" class=\"fontawesome-icon fa-flask fas circle-yes\"><\/i><\/div><h3 class=\"content-box-heading fusion-responsive-typography-calculated\" style=\"font-size:19px;--fontSize:19;line-height:1.4;padding-left:80px;\">Promouvoir l\u2019innovation, la recherche et le d\u00e9veloppement dans l\u2019ICT avec un focus en cybers\u00e9curit\u00e9 et intelligence artificielle<\/h3><\/div><\/div><\/div><div class=\"fusion-column content-box-column content-box-column content-box-column-4 col-lg-6 col-md-6 col-sm-6 fusion-content-box-hover content-box-column-last content-box-column-last-in-row\"><div class=\"col content-box-wrapper content-wrapper link-area-box icon-hover-animation-fade\" style=\"background-color:rgba(255,255,255,0);\" data-animationOffset=\"top-into-view\"><div class=\"heading heading-with-icon icon-left\"><div class=\"icon\"><i style=\"border-color:rgba(255,255,255,0);border-width:0px;background-color:#1f3351;box-sizing:content-box;height:60px;width:60px;line-height:60px;border-radius:50%;color:#ffffff;font-size:30px;\" aria-hidden=\"true\" class=\"fontawesome-icon fa-comments fas circle-yes\"><\/i><\/div><h3 class=\"content-box-heading fusion-responsive-typography-calculated\" style=\"font-size:19px;--fontSize:19;line-height:1.4;padding-left:80px;\">Renforcer le dialogue entre le citoyen les entreprises la d\u00e9fense et les institutionnels<\/h3><\/div><\/div><\/div><style type=\"text\/css\">\n\t\t\t\t\t\t.fusion-content-boxes-1 .fusion-content-box-hover .heading-link:hover .icon i.circle-yes,\n\t\t\t\t\t\t.fusion-content-boxes-1 .fusion-content-box-hover .link-area-box:hover .heading-link .icon i.circle-yes,\n\t\t\t\t\t\t.fusion-content-boxes-1 .fusion-content-box-hover .link-area-link-icon-hover .heading .icon i.circle-yes,\n\t\t\t\t\t\t.fusion-content-boxes-1 .fusion-content-box-hover .link-area-box-hover .heading .icon i.circle-yes {\n\t\t\t\t\t\t\tbackground-color: #000000 !important;\n\t\t\t\t\t\t\tborder-color: #000000 !important;\n\t\t\t\t\t\t}<\/style><div class=\"fusion-clearfix\"><\/div><\/div><div class=\"fusion-sep-clear\"><\/div><div class=\"fusion-separator fusion-full-width-sep\" style=\"margin-left: auto;margin-right: auto;margin-top:3%;width:100%;\"><\/div><div class=\"fusion-sep-clear\"><\/div><div class=\"fusion-aligncenter\"><style type=\"text\/css\">.fusion-button.button-1 {border-radius:2px;}<\/style><a class=\"fusion-button button-flat button-xlarge button-default button-1 fusion-button-span-no fusion-button-default-type\" target=\"_self\" href=\"https:\/\/icon.ngo\/fr\/qui-sommes-nous\/\"><i class=\"fa-arrow-alt-circle-right fas button-icon-left\" aria-hidden=\"true\"><\/i><span class=\"fusion-button-text\">QUI SOMMES NOUS<\/span><\/a><\/div><div class=\"fusion-sep-clear\"><\/div><div class=\"fusion-separator fusion-full-width-sep\" style=\"margin-left: auto;margin-right: auto;margin-top:3%;width:100%;\"><\/div><div class=\"fusion-sep-clear\"><\/div><div class=\"fusion-clearfix\"><\/div><\/div><\/div><div class=\"fusion-layout-column fusion_builder_column fusion-builder-column-2 fusion_builder_column_1_4 1_4 fusion-one-fourth fusion-column-last fusion-no-small-visibility\" style=\"width:25%;width:calc(25% - ( ( 4% ) * 0.25 ) );margin-top:0px;margin-bottom:20px;\"><div class=\"fusion-column-wrapper fusion-flex-column-wrapper-legacy\" style=\"background-position:left top;background-repeat:no-repeat;-webkit-background-size:cover;-moz-background-size:cover;-o-background-size:cover;background-size:cover;padding: 12% 0px 0px 0px;\"><div class=\"fusion-text fusion-text-3\">\n<!-- Custom Twitter Feeds by Smash Balloon -->\n<div id=\"ctf\" class=\" ctf ctf-type-usertimeline ctf-feed-1  ctf-styles ctf-list ctf-regular-style ctf-fixed-height\"   data-ctfshortcode=\"{&quot;feed&quot;:&quot;1&quot;}\"   data-ctfdisablelinks=\"false\" data-ctflinktextcolor=\"#\" data-header-size=\"small\" data-feedid=\"1\" data-postid=\"2161\"  data-feed=\"1\" data-ctfintents=\"1\"  data-ctfneeded=\"5\">\n            <div id=\"ctf\" class=\"ctf\">\n            <div class=\"ctf-error\">\n                <div class=\"ctf-error-user\">\n\t\t\t\t\tLe flux Twitter n\u2019est pas disponible pour le moment.                <\/div>\n            <\/div>\n        <\/div>\n\t\t    <div class=\"ctf-tweets\">\n   \t\t    <\/div>\n    \n<\/div>\n\n<\/div><div class=\"fusion-clearfix\"><\/div><\/div><\/div>\n<\/div><\/div>\n","protected":false},"excerpt":{"rendered":"","protected":false},"author":1,"featured_media":0,"parent":0,"menu_order":0,"comment_status":"closed","ping_status":"closed","template":"100-width.php","meta":[],"yoast_head":"<!-- This site is optimized with the Yoast SEO plugin v19.9 - https:\/\/yoast.com\/wordpress\/plugins\/seo\/ -->\n<title>ICON ONG | The journey to digital trust<\/title>\n<meta name=\"description\" content=\"ICON est une ONG qui f\u00e9d\u00e8re une communaut\u00e9 europ\u00e9enne travaillant sur la confiance dans le cyberespace. L\u2019objectif commun est d\u2019amener une prise de conscience par la vulgarisation et le d\u00e9codage de la soci\u00e9t\u00e9 de l\u2019information pour la soci\u00e9t\u00e9 civile.\" \/>\n<meta name=\"robots\" content=\"index, follow, max-snippet:-1, max-image-preview:large, max-video-preview:-1\" \/>\n<link rel=\"canonical\" href=\"https:\/\/icon.ngo\/fr\/\" \/>\n<meta property=\"og:locale\" content=\"fr_FR\" \/>\n<meta property=\"og:type\" content=\"article\" \/>\n<meta property=\"og:title\" content=\"ICON ONG | The journey to digital trust\" \/>\n<meta property=\"og:description\" content=\"ICON est une ONG qui f\u00e9d\u00e8re une communaut\u00e9 europ\u00e9enne travaillant sur la confiance dans le cyberespace. L\u2019objectif commun est d\u2019amener une prise de conscience par la vulgarisation et le d\u00e9codage de la soci\u00e9t\u00e9 de l\u2019information pour la soci\u00e9t\u00e9 civile.\" \/>\n<meta property=\"og:url\" content=\"https:\/\/icon.ngo\/fr\/\" \/>\n<meta property=\"og:site_name\" content=\"ICON ONG | The journey to digital trust\" \/>\n<meta property=\"article:modified_time\" content=\"2022-11-04T02:42:02+00:00\" \/>\n<meta name=\"twitter:card\" content=\"summary_large_image\" \/>\n<meta name=\"twitter:site\" content=\"@ICON_ONG\" \/>\n<meta name=\"twitter:label1\" content=\"Dur\u00e9e de lecture estim\u00e9e\" \/>\n\t<meta name=\"twitter:data1\" content=\"4 minutes\" \/>\n<script type=\"application\/ld+json\" class=\"yoast-schema-graph\">{\"@context\":\"https:\/\/schema.org\",\"@graph\":[{\"@type\":\"WebPage\",\"@id\":\"https:\/\/icon.ngo\/fr\/\",\"url\":\"https:\/\/icon.ngo\/fr\/\",\"name\":\"ICON ONG | The journey to digital trust\",\"isPartOf\":{\"@id\":\"https:\/\/icon.ngo\/fr\/#website\"},\"datePublished\":\"2015-10-08T23:07:21+00:00\",\"dateModified\":\"2022-11-04T02:42:02+00:00\",\"description\":\"ICON est une ONG qui f\u00e9d\u00e8re une communaut\u00e9 europ\u00e9enne travaillant sur la confiance dans le cyberespace. L\u2019objectif commun est d\u2019amener une prise de conscience par la vulgarisation et le d\u00e9codage de la soci\u00e9t\u00e9 de l\u2019information pour la soci\u00e9t\u00e9 civile.\",\"breadcrumb\":{\"@id\":\"https:\/\/icon.ngo\/fr\/#breadcrumb\"},\"inLanguage\":\"fr-FR\",\"potentialAction\":[{\"@type\":\"ReadAction\",\"target\":[\"https:\/\/icon.ngo\/fr\/\"]}]},{\"@type\":\"BreadcrumbList\",\"@id\":\"https:\/\/icon.ngo\/fr\/#breadcrumb\",\"itemListElement\":[{\"@type\":\"ListItem\",\"position\":1,\"name\":\"Home\",\"item\":\"https:\/\/icon.ngo\/fr\/\"},{\"@type\":\"ListItem\",\"position\":2,\"name\":\"ACCUEIL\"}]},{\"@type\":\"WebSite\",\"@id\":\"https:\/\/icon.ngo\/fr\/#website\",\"url\":\"https:\/\/icon.ngo\/fr\/\",\"name\":\"ICON ONG | The journey to digital trust\",\"description\":\"\",\"publisher\":{\"@id\":\"https:\/\/icon.ngo\/fr\/#organization\"},\"potentialAction\":[{\"@type\":\"SearchAction\",\"target\":{\"@type\":\"EntryPoint\",\"urlTemplate\":\"https:\/\/icon.ngo\/fr\/?s={search_term_string}\"},\"query-input\":\"required name=search_term_string\"}],\"inLanguage\":\"fr-FR\"},{\"@type\":\"Organization\",\"@id\":\"https:\/\/icon.ngo\/fr\/#organization\",\"name\":\"ICON NGO\",\"url\":\"https:\/\/icon.ngo\/fr\/\",\"logo\":{\"@type\":\"ImageObject\",\"inLanguage\":\"fr-FR\",\"@id\":\"https:\/\/icon.ngo\/fr\/#\/schema\/logo\/image\/\",\"url\":\"https:\/\/icon.ngo\/wp-content\/uploads\/2019\/01\/ICON_events_icon2018-4.png\",\"contentUrl\":\"https:\/\/icon.ngo\/wp-content\/uploads\/2019\/01\/ICON_events_icon2018-4.png\",\"width\":400,\"height\":400,\"caption\":\"ICON NGO\"},\"image\":{\"@id\":\"https:\/\/icon.ngo\/fr\/#\/schema\/logo\/image\/\"},\"sameAs\":[\"https:\/\/www.linkedin.com\/company\/icon-ong\",\"https:\/\/twitter.com\/ICON_ONG\"]}]}<\/script>\n<!-- \/ Yoast SEO plugin. -->","yoast_head_json":{"title":"ICON ONG | The journey to digital trust","description":"ICON est une ONG qui f\u00e9d\u00e8re une communaut\u00e9 europ\u00e9enne travaillant sur la confiance dans le cyberespace. L\u2019objectif commun est d\u2019amener une prise de conscience par la vulgarisation et le d\u00e9codage de la soci\u00e9t\u00e9 de l\u2019information pour la soci\u00e9t\u00e9 civile.","robots":{"index":"index","follow":"follow","max-snippet":"max-snippet:-1","max-image-preview":"max-image-preview:large","max-video-preview":"max-video-preview:-1"},"canonical":"https:\/\/icon.ngo\/fr\/","og_locale":"fr_FR","og_type":"article","og_title":"ICON ONG | The journey to digital trust","og_description":"ICON est une ONG qui f\u00e9d\u00e8re une communaut\u00e9 europ\u00e9enne travaillant sur la confiance dans le cyberespace. L\u2019objectif commun est d\u2019amener une prise de conscience par la vulgarisation et le d\u00e9codage de la soci\u00e9t\u00e9 de l\u2019information pour la soci\u00e9t\u00e9 civile.","og_url":"https:\/\/icon.ngo\/fr\/","og_site_name":"ICON ONG | The journey to digital trust","article_modified_time":"2022-11-04T02:42:02+00:00","twitter_card":"summary_large_image","twitter_site":"@ICON_ONG","twitter_misc":{"Dur\u00e9e de lecture estim\u00e9e":"4 minutes"},"schema":{"@context":"https:\/\/schema.org","@graph":[{"@type":"WebPage","@id":"https:\/\/icon.ngo\/fr\/","url":"https:\/\/icon.ngo\/fr\/","name":"ICON ONG | The journey to digital trust","isPartOf":{"@id":"https:\/\/icon.ngo\/fr\/#website"},"datePublished":"2015-10-08T23:07:21+00:00","dateModified":"2022-11-04T02:42:02+00:00","description":"ICON est une ONG qui f\u00e9d\u00e8re une communaut\u00e9 europ\u00e9enne travaillant sur la confiance dans le cyberespace. L\u2019objectif commun est d\u2019amener une prise de conscience par la vulgarisation et le d\u00e9codage de la soci\u00e9t\u00e9 de l\u2019information pour la soci\u00e9t\u00e9 civile.","breadcrumb":{"@id":"https:\/\/icon.ngo\/fr\/#breadcrumb"},"inLanguage":"fr-FR","potentialAction":[{"@type":"ReadAction","target":["https:\/\/icon.ngo\/fr\/"]}]},{"@type":"BreadcrumbList","@id":"https:\/\/icon.ngo\/fr\/#breadcrumb","itemListElement":[{"@type":"ListItem","position":1,"name":"Home","item":"https:\/\/icon.ngo\/fr\/"},{"@type":"ListItem","position":2,"name":"ACCUEIL"}]},{"@type":"WebSite","@id":"https:\/\/icon.ngo\/fr\/#website","url":"https:\/\/icon.ngo\/fr\/","name":"ICON ONG | The journey to digital trust","description":"","publisher":{"@id":"https:\/\/icon.ngo\/fr\/#organization"},"potentialAction":[{"@type":"SearchAction","target":{"@type":"EntryPoint","urlTemplate":"https:\/\/icon.ngo\/fr\/?s={search_term_string}"},"query-input":"required name=search_term_string"}],"inLanguage":"fr-FR"},{"@type":"Organization","@id":"https:\/\/icon.ngo\/fr\/#organization","name":"ICON NGO","url":"https:\/\/icon.ngo\/fr\/","logo":{"@type":"ImageObject","inLanguage":"fr-FR","@id":"https:\/\/icon.ngo\/fr\/#\/schema\/logo\/image\/","url":"https:\/\/icon.ngo\/wp-content\/uploads\/2019\/01\/ICON_events_icon2018-4.png","contentUrl":"https:\/\/icon.ngo\/wp-content\/uploads\/2019\/01\/ICON_events_icon2018-4.png","width":400,"height":400,"caption":"ICON NGO"},"image":{"@id":"https:\/\/icon.ngo\/fr\/#\/schema\/logo\/image\/"},"sameAs":["https:\/\/www.linkedin.com\/company\/icon-ong","https:\/\/twitter.com\/ICON_ONG"]}]}},"_links":{"self":[{"href":"https:\/\/icon.ngo\/fr\/wp-json\/wp\/v2\/pages\/2161"}],"collection":[{"href":"https:\/\/icon.ngo\/fr\/wp-json\/wp\/v2\/pages"}],"about":[{"href":"https:\/\/icon.ngo\/fr\/wp-json\/wp\/v2\/types\/page"}],"author":[{"embeddable":true,"href":"https:\/\/icon.ngo\/fr\/wp-json\/wp\/v2\/users\/1"}],"replies":[{"embeddable":true,"href":"https:\/\/icon.ngo\/fr\/wp-json\/wp\/v2\/comments?post=2161"}],"version-history":[{"count":13,"href":"https:\/\/icon.ngo\/fr\/wp-json\/wp\/v2\/pages\/2161\/revisions"}],"predecessor-version":[{"id":3303,"href":"https:\/\/icon.ngo\/fr\/wp-json\/wp\/v2\/pages\/2161\/revisions\/3303"}],"wp:attachment":[{"href":"https:\/\/icon.ngo\/fr\/wp-json\/wp\/v2\/media?parent=2161"}],"curies":[{"name":"wp","href":"https:\/\/api.w.org\/{rel}","templated":true}]}}